{"id":2442,"date":"2022-10-06T10:01:54","date_gmt":"2022-10-06T08:01:54","guid":{"rendered":"https:\/\/masseriaderchia.it\/durabilite\/"},"modified":"2024-11-22T19:37:48","modified_gmt":"2024-11-22T18:37:48","slug":"durabilite","status":"publish","type":"page","link":"https:\/\/masseriaderchia.it\/fr\/durabilite\/","title":{"rendered":"Durabilit\u00e9"},"content":{"rendered":"\t\t<div data-elementor-type=\"wp-page\" data-elementor-id=\"2442\" class=\"elementor elementor-2442 elementor-29\" data-elementor-post-type=\"page\">\n\t\t\t\t\t\t<section class=\"ob-is-breaking-bad elementor-section elementor-top-section elementor-element elementor-element-54eafdd elementor-section-boxed elementor-section-height-default elementor-section-height-default\" data-id=\"54eafdd\" data-element_type=\"section\" data-e-type=\"section\" data-settings=\"{&quot;jet_parallax_layout_list&quot;:[],&quot;_ob_bbad_use_it&quot;:&quot;yes&quot;,&quot;_ob_bbad_sssic_use&quot;:&quot;no&quot;,&quot;_ob_glider_is_slider&quot;:&quot;no&quot;}\">\n\t\t\t\t\t\t<div class=\"elementor-container elementor-column-gap-default\">\n\t\t\t\t\t<div class=\"elementor-column elementor-col-100 elementor-top-column elementor-element elementor-element-db67940\" data-id=\"db67940\" data-element_type=\"column\" data-e-type=\"column\" data-settings=\"{&quot;_ob_bbad_is_stalker&quot;:&quot;no&quot;,&quot;_ob_teleporter_use&quot;:false,&quot;_ob_column_hoveranimator&quot;:&quot;no&quot;,&quot;_ob_column_has_pseudo&quot;:&quot;no&quot;}\">\n\t\t\t<div class=\"elementor-widget-wrap elementor-element-populated\">\n\t\t\t\t\t\t<div class=\"elementor-element elementor-element-3934296 elementor-position-left elementor-vertical-align-middle ob-has-background-overlay elementor-widget elementor-widget-image-box\" data-id=\"3934296\" data-element_type=\"widget\" data-e-type=\"widget\" data-settings=\"{&quot;_ob_perspektive_use&quot;:&quot;no&quot;,&quot;_ob_poopart_use&quot;:&quot;yes&quot;,&quot;_ob_shadough_use&quot;:&quot;no&quot;,&quot;_ob_allow_hoveranimator&quot;:&quot;no&quot;,&quot;_ob_widget_stalker_use&quot;:&quot;no&quot;}\" data-widget_type=\"image-box.default\">\n\t\t\t\t<div class=\"elementor-widget-container\">\n\t\t\t\t\t<div class=\"elementor-image-box-wrapper\"><figure class=\"elementor-image-box-img\"><img fetchpriority=\"high\" decoding=\"async\" width=\"768\" height=\"1152\" src=\"https:\/\/masseriaderchia.it\/wp-content\/uploads\/2022\/11\/iimmagine-sostenibilita-a-sinistra-verticale-768x1152.jpg\" class=\"attachment-medium_large size-medium_large wp-image-1007\" alt=\"\" srcset=\"https:\/\/masseriaderchia.it\/wp-content\/uploads\/2022\/11\/iimmagine-sostenibilita-a-sinistra-verticale-768x1152.jpg 768w, https:\/\/masseriaderchia.it\/wp-content\/uploads\/2022\/11\/iimmagine-sostenibilita-a-sinistra-verticale-200x300.jpg 200w, https:\/\/masseriaderchia.it\/wp-content\/uploads\/2022\/11\/iimmagine-sostenibilita-a-sinistra-verticale-683x1024.jpg 683w, https:\/\/masseriaderchia.it\/wp-content\/uploads\/2022\/11\/iimmagine-sostenibilita-a-sinistra-verticale.jpg 1000w\" sizes=\"(max-width: 768px) 100vw, 768px\" \/><\/figure><div class=\"elementor-image-box-content\"><h3 class=\"elementor-image-box-title\">Sostenibilit\u00e0<\/h3><p class=\"elementor-image-box-description\">La Masseria D\u2019Erchia poursuit, d\u00e8s le projet de r\u00e9novation, un concept de durabilit\u00e9 qui fait de nos h\u00f4tes des acteurs de pratiques conscientes, au c\u0153ur d\u2019un projet d'innovation de la pens\u00e9e, de respect pour la nature \u00e0 travers l'\u00e9conomie d'\u00e9nergie, comme illustr\u00e9 ci-dessous. Notre \u00e9quipe est \u00e9galement pour nous une ressource \u00e0 valoriser. Nous tenons \u00e0 d\u00e9velopper une relation de collaboration qui transmet \u00e0 eux, \u00e0 nous et \u00e0 nos h\u00f4tes s\u00e9r\u00e9nit\u00e9 et professionnalisme. <br><br>\n<b>Acqua<\/b><br>Les jardins sont compos\u00e9s d\u2019essences autochtones et sont irrigu\u00e9s \u00e0 partir de sources durables. Des r\u00e9serves d'eau datant du XVIIe si\u00e8cle recueillent l'eau de pluie, qui est utilis\u00e9e pour l'irrigation. La piscine elle-m\u00eame est une ancienne r\u00e9serve d'eau o\u00f9 l'on peut encore voir les canaux creus\u00e9s au XVIIe si\u00e8cle, servant \u00e0 diriger l'eau. Chaque suite est \u00e9quip\u00e9e de salles de bains avec \u00e9vacuation diff\u00e9renci\u00e9e, et avec minuterie dans les espaces communs.<br> Il est possible pour les h\u00f4tes de choisir un changement de linge tous les 3 jours. Chacune de ces actions r\u00e9duit le gaspillage d'eau, une ressource vitale depuis l'Antiquit\u00e9. <br><br>\n<b>Energia<\/b><br>L'utilisation de cl\u00e9s magn\u00e9tiques nous permet de d\u00e9sactiver automatiquement les syst\u00e8mes lorsque les chambres sont inoccup\u00e9es.. Toute la Masseria est \u00e9clair\u00e9e par des lumi\u00e8res LED avec allumage cr\u00e9pusculaire \u00e0 l'ext\u00e9rieur, et temporis\u00e9es dans les espaces communs de passage \u00e0 l'int\u00e9rieur. Les appareils \u00e9lectrom\u00e9nagers de la cuisine sont de classe \u00e9nerg\u00e9tique sup\u00e9rieure, tout comme les syst\u00e8mes d'irrigation et de filtration de la piscine, qui sont capables d'analyser et de doser les consommations en fonction des besoins \u00e0 chaque moment de l'ann\u00e9e, \u00e9vitant ainsi le gaspillage d'\u00e9nergie et de produits chimiques. <br><br>\n<b>Approvvigionamento sostenibile<\/b><br>Un concept qui vient du pass\u00e9 mais qui a un fort impact environnemental est celui du \u00ab fait maison \u00bb. Les mati\u00e8res premi\u00e8res utilis\u00e9es pour la pr\u00e9paration des repas sont locales, \u00e0 z\u00e9ro kilom\u00e8tre ; nous soutenons les producteurs locaux, en valorisant au maximum le territoire dans sa singularit\u00e9 et sa saisonnalit\u00e9. L'eau, les boissons et les yaourts dans le mini-bar et au petit-d\u00e9jeuner sont tous en verre.. Dans les chambres ainsi que dans les salles de bains des espaces communs, le savon et les produits pour le bain\/douche sont disponibles dans des distributeurs rechargeables. Les sacs pour les poubelles et pour la collecte du linge sale sont r\u00e9utilisables ou recyclables, \u00e9vitant ainsi le gaspillage de plastique. La mac\u00e9ration des r\u00e9sidus de taille et des tontes de pelouse nous permet de produire notre propre compost pour les jardins, o\u00f9 la ma\u00eetresse de maison r\u00e9colte chaque jour des plantes et des fleurs pour les apporter en centre de table au petit-d\u00e9jeuner pour ses h\u00f4tes.<\/p><\/div><\/div>\t\t\t\t<\/div>\n\t\t\t\t<\/div>\n\t\t\t\t\t<\/div>\n\t\t<\/div>\n\t\t\t\t\t<\/div>\n\t\t<\/section>\n\t\t\t\t<\/div>\n\t\t","protected":false},"excerpt":{"rendered":"<p>Sostenibilit\u00e0 La Masseria D\u2019Erchia poursuit, d\u00e8s le projet de r\u00e9novation, un concept de durabilit\u00e9 qui fait de nos h\u00f4tes des acteurs de pratiques conscientes, au c\u0153ur d\u2019un projet d&rsquo;innovation de la pens\u00e9e, de respect pour la nature \u00e0 travers l&rsquo;\u00e9conomie d&rsquo;\u00e9nergie, comme illustr\u00e9 ci-dessous. Notre \u00e9quipe est \u00e9galement pour nous une ressource \u00e0 valoriser. Nous [&hellip;]<\/p>\n","protected":false},"author":2,"featured_media":2443,"parent":0,"menu_order":0,"comment_status":"closed","ping_status":"closed","template":"","meta":{"footnotes":""},"class_list":["post-2442","page","type-page","status-publish","has-post-thumbnail","hentry"],"yoast_head":"<!-- This site is optimized with the Yoast SEO plugin v27.3 - https:\/\/yoast.com\/product\/yoast-seo-wordpress\/ -->\n<title>Durabilit\u00e9 &#8212; Masseria D&#039;Erchia<\/title>\n<meta name=\"robots\" content=\"index, follow, max-snippet:-1, max-image-preview:large, max-video-preview:-1\" \/>\n<link rel=\"canonical\" href=\"https:\/\/masseriaderchia.it\/fr\/durabilite\/\" \/>\n<meta property=\"og:locale\" content=\"fr_FR\" \/>\n<meta property=\"og:type\" content=\"article\" \/>\n<meta property=\"og:title\" content=\"Durabilit\u00e9 &#8212; Masseria D&#039;Erchia\" \/>\n<meta property=\"og:description\" content=\"Sostenibilit\u00e0 La Masseria D\u2019Erchia poursuit, d\u00e8s le projet de r\u00e9novation, un concept de durabilit\u00e9 qui fait de nos h\u00f4tes des acteurs de pratiques conscientes, au c\u0153ur d\u2019un projet d&rsquo;innovation de la pens\u00e9e, de respect pour la nature \u00e0 travers l&rsquo;\u00e9conomie d&rsquo;\u00e9nergie, comme illustr\u00e9 ci-dessous. Notre \u00e9quipe est \u00e9galement pour nous une ressource \u00e0 valoriser. Nous [&hellip;]\" \/>\n<meta property=\"og:url\" content=\"https:\/\/masseriaderchia.it\/fr\/durabilite\/\" \/>\n<meta property=\"og:site_name\" content=\"Masseria D&#039;Erchia\" \/>\n<meta property=\"article:publisher\" content=\"https:\/\/www.facebook.com\/masseriaderchia\/\" \/>\n<meta property=\"article:modified_time\" content=\"2024-11-22T18:37:48+00:00\" \/>\n<meta property=\"og:image\" content=\"https:\/\/masseriaderchia.it\/wp-content\/uploads\/2022\/11\/copertina-sostenibilita-orizzontale.jpg\" \/>\n\t<meta property=\"og:image:width\" content=\"1500\" \/>\n\t<meta property=\"og:image:height\" content=\"1000\" \/>\n\t<meta property=\"og:image:type\" content=\"image\/jpeg\" \/>\n<meta name=\"twitter:card\" content=\"summary_large_image\" \/>\n<meta name=\"twitter:label1\" content=\"Dur\u00e9e de lecture estim\u00e9e\" \/>\n\t<meta name=\"twitter:data1\" content=\"2 minutes\" \/>\n<script type=\"application\/ld+json\" class=\"yoast-schema-graph\">{\"@context\":\"https:\\\/\\\/schema.org\",\"@graph\":[{\"@type\":\"WebPage\",\"@id\":\"https:\\\/\\\/masseriaderchia.it\\\/fr\\\/durabilite\\\/\",\"url\":\"https:\\\/\\\/masseriaderchia.it\\\/fr\\\/durabilite\\\/\",\"name\":\"Durabilit\u00e9 &#8212; Masseria D&#039;Erchia\",\"isPartOf\":{\"@id\":\"https:\\\/\\\/masseriaderchia.it\\\/#website\"},\"primaryImageOfPage\":{\"@id\":\"https:\\\/\\\/masseriaderchia.it\\\/fr\\\/durabilite\\\/#primaryimage\"},\"image\":{\"@id\":\"https:\\\/\\\/masseriaderchia.it\\\/fr\\\/durabilite\\\/#primaryimage\"},\"thumbnailUrl\":\"https:\\\/\\\/masseriaderchia.it\\\/wp-content\\\/uploads\\\/2022\\\/11\\\/copertina-sostenibilita-orizzontale.jpg\",\"datePublished\":\"2022-10-06T08:01:54+00:00\",\"dateModified\":\"2024-11-22T18:37:48+00:00\",\"breadcrumb\":{\"@id\":\"https:\\\/\\\/masseriaderchia.it\\\/fr\\\/durabilite\\\/#breadcrumb\"},\"inLanguage\":\"fr-FR\",\"potentialAction\":[{\"@type\":\"ReadAction\",\"target\":[\"https:\\\/\\\/masseriaderchia.it\\\/fr\\\/durabilite\\\/\"]}]},{\"@type\":\"ImageObject\",\"inLanguage\":\"fr-FR\",\"@id\":\"https:\\\/\\\/masseriaderchia.it\\\/fr\\\/durabilite\\\/#primaryimage\",\"url\":\"https:\\\/\\\/masseriaderchia.it\\\/wp-content\\\/uploads\\\/2022\\\/11\\\/copertina-sostenibilita-orizzontale.jpg\",\"contentUrl\":\"https:\\\/\\\/masseriaderchia.it\\\/wp-content\\\/uploads\\\/2022\\\/11\\\/copertina-sostenibilita-orizzontale.jpg\",\"width\":1500,\"height\":1000},{\"@type\":\"BreadcrumbList\",\"@id\":\"https:\\\/\\\/masseriaderchia.it\\\/fr\\\/durabilite\\\/#breadcrumb\",\"itemListElement\":[{\"@type\":\"ListItem\",\"position\":1,\"name\":\"Home\",\"item\":\"https:\\\/\\\/masseriaderchia.it\\\/fr\\\/page-daccueil\\\/\"},{\"@type\":\"ListItem\",\"position\":2,\"name\":\"Durabilit\u00e9\"}]},{\"@type\":\"WebSite\",\"@id\":\"https:\\\/\\\/masseriaderchia.it\\\/#website\",\"url\":\"https:\\\/\\\/masseriaderchia.it\\\/\",\"name\":\"Masseria D&#039;Erchia\",\"description\":\"\",\"publisher\":{\"@id\":\"https:\\\/\\\/masseriaderchia.it\\\/#organization\"},\"potentialAction\":[{\"@type\":\"SearchAction\",\"target\":{\"@type\":\"EntryPoint\",\"urlTemplate\":\"https:\\\/\\\/masseriaderchia.it\\\/?s={search_term_string}\"},\"query-input\":{\"@type\":\"PropertyValueSpecification\",\"valueRequired\":true,\"valueName\":\"search_term_string\"}}],\"inLanguage\":\"fr-FR\"},{\"@type\":\"Organization\",\"@id\":\"https:\\\/\\\/masseriaderchia.it\\\/#organization\",\"name\":\"Masseria D'Erchia\",\"url\":\"https:\\\/\\\/masseriaderchia.it\\\/\",\"logo\":{\"@type\":\"ImageObject\",\"inLanguage\":\"fr-FR\",\"@id\":\"https:\\\/\\\/masseriaderchia.it\\\/#\\\/schema\\\/logo\\\/image\\\/\",\"url\":\"https:\\\/\\\/masseriaderchia.it\\\/wp-content\\\/uploads\\\/2022\\\/10\\\/logo_nuovo.png\",\"contentUrl\":\"https:\\\/\\\/masseriaderchia.it\\\/wp-content\\\/uploads\\\/2022\\\/10\\\/logo_nuovo.png\",\"width\":117,\"height\":124,\"caption\":\"Masseria D'Erchia\"},\"image\":{\"@id\":\"https:\\\/\\\/masseriaderchia.it\\\/#\\\/schema\\\/logo\\\/image\\\/\"},\"sameAs\":[\"https:\\\/\\\/www.facebook.com\\\/masseriaderchia\\\/\",\"https:\\\/\\\/www.instagram.com\\\/masseriaderchia\\\/\"]}]}<\/script>\n<!-- \/ Yoast SEO plugin. -->","yoast_head_json":{"title":"Durabilit\u00e9 &#8212; Masseria D&#039;Erchia","robots":{"index":"index","follow":"follow","max-snippet":"max-snippet:-1","max-image-preview":"max-image-preview:large","max-video-preview":"max-video-preview:-1"},"canonical":"https:\/\/masseriaderchia.it\/fr\/durabilite\/","og_locale":"fr_FR","og_type":"article","og_title":"Durabilit\u00e9 &#8212; Masseria D&#039;Erchia","og_description":"Sostenibilit\u00e0 La Masseria D\u2019Erchia poursuit, d\u00e8s le projet de r\u00e9novation, un concept de durabilit\u00e9 qui fait de nos h\u00f4tes des acteurs de pratiques conscientes, au c\u0153ur d\u2019un projet d&rsquo;innovation de la pens\u00e9e, de respect pour la nature \u00e0 travers l&rsquo;\u00e9conomie d&rsquo;\u00e9nergie, comme illustr\u00e9 ci-dessous. Notre \u00e9quipe est \u00e9galement pour nous une ressource \u00e0 valoriser. Nous [&hellip;]","og_url":"https:\/\/masseriaderchia.it\/fr\/durabilite\/","og_site_name":"Masseria D&#039;Erchia","article_publisher":"https:\/\/www.facebook.com\/masseriaderchia\/","article_modified_time":"2024-11-22T18:37:48+00:00","og_image":[{"width":1500,"height":1000,"url":"https:\/\/masseriaderchia.it\/wp-content\/uploads\/2022\/11\/copertina-sostenibilita-orizzontale.jpg","type":"image\/jpeg"}],"twitter_card":"summary_large_image","twitter_misc":{"Dur\u00e9e de lecture estim\u00e9e":"2 minutes"},"schema":{"@context":"https:\/\/schema.org","@graph":[{"@type":"WebPage","@id":"https:\/\/masseriaderchia.it\/fr\/durabilite\/","url":"https:\/\/masseriaderchia.it\/fr\/durabilite\/","name":"Durabilit\u00e9 &#8212; Masseria D&#039;Erchia","isPartOf":{"@id":"https:\/\/masseriaderchia.it\/#website"},"primaryImageOfPage":{"@id":"https:\/\/masseriaderchia.it\/fr\/durabilite\/#primaryimage"},"image":{"@id":"https:\/\/masseriaderchia.it\/fr\/durabilite\/#primaryimage"},"thumbnailUrl":"https:\/\/masseriaderchia.it\/wp-content\/uploads\/2022\/11\/copertina-sostenibilita-orizzontale.jpg","datePublished":"2022-10-06T08:01:54+00:00","dateModified":"2024-11-22T18:37:48+00:00","breadcrumb":{"@id":"https:\/\/masseriaderchia.it\/fr\/durabilite\/#breadcrumb"},"inLanguage":"fr-FR","potentialAction":[{"@type":"ReadAction","target":["https:\/\/masseriaderchia.it\/fr\/durabilite\/"]}]},{"@type":"ImageObject","inLanguage":"fr-FR","@id":"https:\/\/masseriaderchia.it\/fr\/durabilite\/#primaryimage","url":"https:\/\/masseriaderchia.it\/wp-content\/uploads\/2022\/11\/copertina-sostenibilita-orizzontale.jpg","contentUrl":"https:\/\/masseriaderchia.it\/wp-content\/uploads\/2022\/11\/copertina-sostenibilita-orizzontale.jpg","width":1500,"height":1000},{"@type":"BreadcrumbList","@id":"https:\/\/masseriaderchia.it\/fr\/durabilite\/#breadcrumb","itemListElement":[{"@type":"ListItem","position":1,"name":"Home","item":"https:\/\/masseriaderchia.it\/fr\/page-daccueil\/"},{"@type":"ListItem","position":2,"name":"Durabilit\u00e9"}]},{"@type":"WebSite","@id":"https:\/\/masseriaderchia.it\/#website","url":"https:\/\/masseriaderchia.it\/","name":"Masseria D&#039;Erchia","description":"","publisher":{"@id":"https:\/\/masseriaderchia.it\/#organization"},"potentialAction":[{"@type":"SearchAction","target":{"@type":"EntryPoint","urlTemplate":"https:\/\/masseriaderchia.it\/?s={search_term_string}"},"query-input":{"@type":"PropertyValueSpecification","valueRequired":true,"valueName":"search_term_string"}}],"inLanguage":"fr-FR"},{"@type":"Organization","@id":"https:\/\/masseriaderchia.it\/#organization","name":"Masseria D'Erchia","url":"https:\/\/masseriaderchia.it\/","logo":{"@type":"ImageObject","inLanguage":"fr-FR","@id":"https:\/\/masseriaderchia.it\/#\/schema\/logo\/image\/","url":"https:\/\/masseriaderchia.it\/wp-content\/uploads\/2022\/10\/logo_nuovo.png","contentUrl":"https:\/\/masseriaderchia.it\/wp-content\/uploads\/2022\/10\/logo_nuovo.png","width":117,"height":124,"caption":"Masseria D'Erchia"},"image":{"@id":"https:\/\/masseriaderchia.it\/#\/schema\/logo\/image\/"},"sameAs":["https:\/\/www.facebook.com\/masseriaderchia\/","https:\/\/www.instagram.com\/masseriaderchia\/"]}]}},"_links":{"self":[{"href":"https:\/\/masseriaderchia.it\/fr\/wp-json\/wp\/v2\/pages\/2442","targetHints":{"allow":["GET"]}}],"collection":[{"href":"https:\/\/masseriaderchia.it\/fr\/wp-json\/wp\/v2\/pages"}],"about":[{"href":"https:\/\/masseriaderchia.it\/fr\/wp-json\/wp\/v2\/types\/page"}],"author":[{"embeddable":true,"href":"https:\/\/masseriaderchia.it\/fr\/wp-json\/wp\/v2\/users\/2"}],"replies":[{"embeddable":true,"href":"https:\/\/masseriaderchia.it\/fr\/wp-json\/wp\/v2\/comments?post=2442"}],"version-history":[{"count":0,"href":"https:\/\/masseriaderchia.it\/fr\/wp-json\/wp\/v2\/pages\/2442\/revisions"}],"wp:featuredmedia":[{"embeddable":true,"href":"https:\/\/masseriaderchia.it\/fr\/wp-json\/wp\/v2\/media\/2443"}],"wp:attachment":[{"href":"https:\/\/masseriaderchia.it\/fr\/wp-json\/wp\/v2\/media?parent=2442"}],"curies":[{"name":"wp","href":"https:\/\/api.w.org\/{rel}","templated":true}]}}