{"id":3039,"date":"2022-10-06T10:01:54","date_gmt":"2022-10-06T08:01:54","guid":{"rendered":"https:\/\/masseriaderchia.it\/nachhaltigkeit\/"},"modified":"2025-04-29T20:06:19","modified_gmt":"2025-04-29T18:06:19","slug":"nachhaltigkeit","status":"publish","type":"page","link":"https:\/\/masseriaderchia.it\/de\/nachhaltigkeit\/","title":{"rendered":"Nachhaltigkeit."},"content":{"rendered":"\t\t<div data-elementor-type=\"wp-page\" data-elementor-id=\"3039\" class=\"elementor elementor-3039 elementor-29\" data-elementor-post-type=\"page\">\n\t\t\t\t\t\t<section class=\"ob-is-breaking-bad elementor-section elementor-top-section elementor-element elementor-element-54eafdd elementor-section-boxed elementor-section-height-default elementor-section-height-default\" data-id=\"54eafdd\" data-element_type=\"section\" data-e-type=\"section\" data-settings=\"{&quot;jet_parallax_layout_list&quot;:[],&quot;_ob_bbad_use_it&quot;:&quot;yes&quot;,&quot;_ob_bbad_sssic_use&quot;:&quot;no&quot;,&quot;_ob_glider_is_slider&quot;:&quot;no&quot;}\">\n\t\t\t\t\t\t<div class=\"elementor-container elementor-column-gap-default\">\n\t\t\t\t\t<div class=\"elementor-column elementor-col-100 elementor-top-column elementor-element elementor-element-db67940\" data-id=\"db67940\" data-element_type=\"column\" data-e-type=\"column\" data-settings=\"{&quot;_ob_bbad_is_stalker&quot;:&quot;no&quot;,&quot;_ob_teleporter_use&quot;:false,&quot;_ob_column_hoveranimator&quot;:&quot;no&quot;,&quot;_ob_column_has_pseudo&quot;:&quot;no&quot;}\">\n\t\t\t<div class=\"elementor-widget-wrap elementor-element-populated\">\n\t\t\t\t\t\t<div class=\"elementor-element elementor-element-3934296 elementor-position-left elementor-vertical-align-middle ob-has-background-overlay elementor-widget elementor-widget-image-box\" data-id=\"3934296\" data-element_type=\"widget\" data-e-type=\"widget\" data-settings=\"{&quot;_ob_perspektive_use&quot;:&quot;no&quot;,&quot;_ob_poopart_use&quot;:&quot;yes&quot;,&quot;_ob_shadough_use&quot;:&quot;no&quot;,&quot;_ob_allow_hoveranimator&quot;:&quot;no&quot;,&quot;_ob_widget_stalker_use&quot;:&quot;no&quot;}\" data-widget_type=\"image-box.default\">\n\t\t\t\t<div class=\"elementor-widget-container\">\n\t\t\t\t\t<div class=\"elementor-image-box-wrapper\"><figure class=\"elementor-image-box-img\"><img fetchpriority=\"high\" decoding=\"async\" width=\"768\" height=\"1152\" src=\"https:\/\/masseriaderchia.it\/wp-content\/uploads\/2022\/11\/iimmagine-sostenibilita-a-sinistra-verticale-768x1152.jpg\" class=\"attachment-medium_large size-medium_large wp-image-1007\" alt=\"\" srcset=\"https:\/\/masseriaderchia.it\/wp-content\/uploads\/2022\/11\/iimmagine-sostenibilita-a-sinistra-verticale-768x1152.jpg 768w, https:\/\/masseriaderchia.it\/wp-content\/uploads\/2022\/11\/iimmagine-sostenibilita-a-sinistra-verticale-200x300.jpg 200w, https:\/\/masseriaderchia.it\/wp-content\/uploads\/2022\/11\/iimmagine-sostenibilita-a-sinistra-verticale-683x1024.jpg 683w, https:\/\/masseriaderchia.it\/wp-content\/uploads\/2022\/11\/iimmagine-sostenibilita-a-sinistra-verticale.jpg 1000w\" sizes=\"(max-width: 768px) 100vw, 768px\" \/><\/figure><div class=\"elementor-image-box-content\"><h3 class=\"elementor-image-box-title\">Nachhaltigkeit.<\/h3><p class=\"elementor-image-box-description\">Die Masseria D\u2019Erchia verfolgt, beginnend mit dem Restaurierungsprojekt, ein Konzept der Nachhaltigkeit, das unsere G\u00e4ste Teil bewusster Praktiken werden l\u00e4sst, im Zentrum eines Projekts der Denk-Innovation, des Respekts vor der Natur durch Energieeinsparung, wie nachstehend erl\u00e4utert. Auch unser Team ist f\u00fcr uns eine Ressource, die es zu sch\u00e4tzen gilt. Wir legen gro\u00dfen Wert darauf, eine Partnerschaft zu entwickeln, die ihnen, uns und den G\u00e4sten Ruhe und Professionalit\u00e4t vermittelt.\n<br><br><b>Wasser<br><\/b>Die G\u00e4rten sind mit einheimischen Pflanzen gestaltet und werden mit nachhaltigen Quellen bew\u00e4ssert. Wasserreservoirs aus dem 17. Jahrhundert sammeln Regenwasser, das zur Bew\u00e4sserung verwendet wird Der gleiche Pool ist ein altes Wasserreservoir, in dem noch die im 17. Jahrhundert angelegten Rillen sichtbar sind, die dazu dienten, das Wasser zu leiten. Jede Suite ist mit Badezimmern ausgestattet, die \u00fcber eine differenzierte Entw\u00e4sserung verf\u00fcgen, und in den gemeinschaftlichen Bereichen ist die Entw\u00e4sserung zeitgesteuert. Es ist f\u00fcr die G\u00e4ste m\u00f6glich, alle 4 Tage einen Bettw\u00e4schewechsel zu w\u00e4hlen. Jede dieser Ma\u00dfnahmen reduziert den Wasserverbrauch, eine lebenswichtige Ressource seit der Antike.\n<br><br><b>Energie<br><\/b>Die Verwendung von Magnetschl\u00fcsseln erm\u00f6glicht es uns, die Anlagen automatisch auszuschalten, wenn die Zimmer frei sind. Die gesamte Masseria ist mit LED-Lichtern ausgestattet, die bei D\u00e4mmerung im Au\u00dfenbereich eingeschaltet werden, und in den gemeinschaftlichen Innenbereichen sind sie zeitgesteuert. Die Haushaltsger\u00e4te in der K\u00fcche geh\u00f6ren zur h\u00f6heren Energieklasse, ebenso wie die Bew\u00e4sserungs- und Filteranlagen des Pools, die in der Lage sind, den Verbrauch entsprechend den Bed\u00fcrfnissen zu analysieren und dosiert einzusetzen, um Energie- und Chemikalienverschwendung zu vermeiden.\n<br><br><b>Nachhaltige Beschaffung<br><\/b>Ein Konzept, das aus der Vergangenheit kommt, aber eine starke Umweltwirkung hat, ist das \u201eSelbstgemachte\u201c. Die Rohstoffe, die f\u00fcr die Zubereitung der Mahlzeiten gekauft werden, stammen aus der Region (km0); wir f\u00f6rdern lokale Produzenten und maximieren die Wertsch\u00e4tzung des Gebiets in seiner Einzigartigkeit und Saisonalit\u00e4t Wasser, Erfrischungsgetr\u00e4nke und Joghurt im Minibar und zum Fr\u00fchst\u00fcck sind alle in Glasflaschen. In den Zimmern sowie in den Badezimmern der Gemeinschaftsbereiche werden Seife und Duschgel in nachf\u00fcllbaren Spendern bereitgestellt, M\u00fcllbeutel und W\u00e4schebeutel sind wiederverwendbar oder recycelbar, um Plastikverschwendung zu vermeiden. Die Zersetzung von R\u00fcckst\u00e4nden aus dem Baumschnitt und Grasschnitt erm\u00f6glicht es uns, D\u00fcnger f\u00fcr die G\u00e4rten selbst herzustellen, aus denen die Gastgeberin jeden Tag Essenzen und Blumen sammelt, um sie als Tischdekoration zum Fr\u00fchst\u00fcck f\u00fcr ihre G\u00e4ste zu bringen.<\/p><\/div><\/div>\t\t\t\t<\/div>\n\t\t\t\t<\/div>\n\t\t\t\t\t<\/div>\n\t\t<\/div>\n\t\t\t\t\t<\/div>\n\t\t<\/section>\n\t\t\t\t<\/div>\n\t\t","protected":false},"excerpt":{"rendered":"<p>Nachhaltigkeit. Die Masseria D\u2019Erchia verfolgt, beginnend mit dem Restaurierungsprojekt, ein Konzept der Nachhaltigkeit, das unsere G\u00e4ste Teil bewusster Praktiken werden l\u00e4sst, im Zentrum eines Projekts der Denk-Innovation, des Respekts vor der Natur durch Energieeinsparung, wie nachstehend erl\u00e4utert. Auch unser Team ist f\u00fcr uns eine Ressource, die es zu sch\u00e4tzen gilt. Wir legen gro\u00dfen Wert darauf, [&hellip;]<\/p>\n","protected":false},"author":2,"featured_media":3040,"parent":0,"menu_order":0,"comment_status":"closed","ping_status":"closed","template":"","meta":{"footnotes":""},"class_list":["post-3039","page","type-page","status-publish","has-post-thumbnail","hentry"],"yoast_head":"<!-- This site is optimized with the Yoast SEO plugin v27.3 - https:\/\/yoast.com\/product\/yoast-seo-wordpress\/ -->\n<title>Nachhaltigkeit. &#8212; Masseria D&#039;Erchia<\/title>\n<meta name=\"robots\" content=\"index, follow, max-snippet:-1, max-image-preview:large, max-video-preview:-1\" \/>\n<link rel=\"canonical\" href=\"https:\/\/masseriaderchia.it\/de\/nachhaltigkeit\/\" \/>\n<meta property=\"og:locale\" content=\"de_DE\" \/>\n<meta property=\"og:type\" content=\"article\" \/>\n<meta property=\"og:title\" content=\"Nachhaltigkeit. &#8212; Masseria D&#039;Erchia\" \/>\n<meta property=\"og:description\" content=\"Nachhaltigkeit. Die Masseria D\u2019Erchia verfolgt, beginnend mit dem Restaurierungsprojekt, ein Konzept der Nachhaltigkeit, das unsere G\u00e4ste Teil bewusster Praktiken werden l\u00e4sst, im Zentrum eines Projekts der Denk-Innovation, des Respekts vor der Natur durch Energieeinsparung, wie nachstehend erl\u00e4utert. Auch unser Team ist f\u00fcr uns eine Ressource, die es zu sch\u00e4tzen gilt. Wir legen gro\u00dfen Wert darauf, [&hellip;]\" \/>\n<meta property=\"og:url\" content=\"https:\/\/masseriaderchia.it\/de\/nachhaltigkeit\/\" \/>\n<meta property=\"og:site_name\" content=\"Masseria D&#039;Erchia\" \/>\n<meta property=\"article:publisher\" content=\"https:\/\/www.facebook.com\/masseriaderchia\/\" \/>\n<meta property=\"article:modified_time\" content=\"2025-04-29T18:06:19+00:00\" \/>\n<meta property=\"og:image\" content=\"https:\/\/masseriaderchia.it\/wp-content\/uploads\/2022\/11\/copertina-sostenibilita-orizzontale.jpg\" \/>\n\t<meta property=\"og:image:width\" content=\"1500\" \/>\n\t<meta property=\"og:image:height\" content=\"1000\" \/>\n\t<meta property=\"og:image:type\" content=\"image\/jpeg\" \/>\n<meta name=\"twitter:card\" content=\"summary_large_image\" \/>\n<meta name=\"twitter:label1\" content=\"Gesch\u00e4tzte Lesezeit\" \/>\n\t<meta name=\"twitter:data1\" content=\"2\u00a0Minuten\" \/>\n<script type=\"application\/ld+json\" class=\"yoast-schema-graph\">{\"@context\":\"https:\\\/\\\/schema.org\",\"@graph\":[{\"@type\":\"WebPage\",\"@id\":\"https:\\\/\\\/masseriaderchia.it\\\/de\\\/nachhaltigkeit\\\/\",\"url\":\"https:\\\/\\\/masseriaderchia.it\\\/de\\\/nachhaltigkeit\\\/\",\"name\":\"Nachhaltigkeit. &#8212; Masseria D&#039;Erchia\",\"isPartOf\":{\"@id\":\"https:\\\/\\\/masseriaderchia.it\\\/#website\"},\"primaryImageOfPage\":{\"@id\":\"https:\\\/\\\/masseriaderchia.it\\\/de\\\/nachhaltigkeit\\\/#primaryimage\"},\"image\":{\"@id\":\"https:\\\/\\\/masseriaderchia.it\\\/de\\\/nachhaltigkeit\\\/#primaryimage\"},\"thumbnailUrl\":\"https:\\\/\\\/masseriaderchia.it\\\/wp-content\\\/uploads\\\/2022\\\/11\\\/copertina-sostenibilita-orizzontale.jpg\",\"datePublished\":\"2022-10-06T08:01:54+00:00\",\"dateModified\":\"2025-04-29T18:06:19+00:00\",\"breadcrumb\":{\"@id\":\"https:\\\/\\\/masseriaderchia.it\\\/de\\\/nachhaltigkeit\\\/#breadcrumb\"},\"inLanguage\":\"de\",\"potentialAction\":[{\"@type\":\"ReadAction\",\"target\":[\"https:\\\/\\\/masseriaderchia.it\\\/de\\\/nachhaltigkeit\\\/\"]}]},{\"@type\":\"ImageObject\",\"inLanguage\":\"de\",\"@id\":\"https:\\\/\\\/masseriaderchia.it\\\/de\\\/nachhaltigkeit\\\/#primaryimage\",\"url\":\"https:\\\/\\\/masseriaderchia.it\\\/wp-content\\\/uploads\\\/2022\\\/11\\\/copertina-sostenibilita-orizzontale.jpg\",\"contentUrl\":\"https:\\\/\\\/masseriaderchia.it\\\/wp-content\\\/uploads\\\/2022\\\/11\\\/copertina-sostenibilita-orizzontale.jpg\",\"width\":1500,\"height\":1000},{\"@type\":\"BreadcrumbList\",\"@id\":\"https:\\\/\\\/masseriaderchia.it\\\/de\\\/nachhaltigkeit\\\/#breadcrumb\",\"itemListElement\":[{\"@type\":\"ListItem\",\"position\":1,\"name\":\"Home\",\"item\":\"https:\\\/\\\/masseriaderchia.it\\\/de\\\/hauptseite\\\/\"},{\"@type\":\"ListItem\",\"position\":2,\"name\":\"Nachhaltigkeit.\"}]},{\"@type\":\"WebSite\",\"@id\":\"https:\\\/\\\/masseriaderchia.it\\\/#website\",\"url\":\"https:\\\/\\\/masseriaderchia.it\\\/\",\"name\":\"Masseria D&#039;Erchia\",\"description\":\"\",\"publisher\":{\"@id\":\"https:\\\/\\\/masseriaderchia.it\\\/#organization\"},\"potentialAction\":[{\"@type\":\"SearchAction\",\"target\":{\"@type\":\"EntryPoint\",\"urlTemplate\":\"https:\\\/\\\/masseriaderchia.it\\\/?s={search_term_string}\"},\"query-input\":{\"@type\":\"PropertyValueSpecification\",\"valueRequired\":true,\"valueName\":\"search_term_string\"}}],\"inLanguage\":\"de\"},{\"@type\":\"Organization\",\"@id\":\"https:\\\/\\\/masseriaderchia.it\\\/#organization\",\"name\":\"Masseria D'Erchia\",\"url\":\"https:\\\/\\\/masseriaderchia.it\\\/\",\"logo\":{\"@type\":\"ImageObject\",\"inLanguage\":\"de\",\"@id\":\"https:\\\/\\\/masseriaderchia.it\\\/#\\\/schema\\\/logo\\\/image\\\/\",\"url\":\"https:\\\/\\\/masseriaderchia.it\\\/wp-content\\\/uploads\\\/2022\\\/10\\\/logo_nuovo.png\",\"contentUrl\":\"https:\\\/\\\/masseriaderchia.it\\\/wp-content\\\/uploads\\\/2022\\\/10\\\/logo_nuovo.png\",\"width\":117,\"height\":124,\"caption\":\"Masseria D'Erchia\"},\"image\":{\"@id\":\"https:\\\/\\\/masseriaderchia.it\\\/#\\\/schema\\\/logo\\\/image\\\/\"},\"sameAs\":[\"https:\\\/\\\/www.facebook.com\\\/masseriaderchia\\\/\",\"https:\\\/\\\/www.instagram.com\\\/masseriaderchia\\\/\"]}]}<\/script>\n<!-- \/ Yoast SEO plugin. -->","yoast_head_json":{"title":"Nachhaltigkeit. &#8212; Masseria D&#039;Erchia","robots":{"index":"index","follow":"follow","max-snippet":"max-snippet:-1","max-image-preview":"max-image-preview:large","max-video-preview":"max-video-preview:-1"},"canonical":"https:\/\/masseriaderchia.it\/de\/nachhaltigkeit\/","og_locale":"de_DE","og_type":"article","og_title":"Nachhaltigkeit. &#8212; Masseria D&#039;Erchia","og_description":"Nachhaltigkeit. Die Masseria D\u2019Erchia verfolgt, beginnend mit dem Restaurierungsprojekt, ein Konzept der Nachhaltigkeit, das unsere G\u00e4ste Teil bewusster Praktiken werden l\u00e4sst, im Zentrum eines Projekts der Denk-Innovation, des Respekts vor der Natur durch Energieeinsparung, wie nachstehend erl\u00e4utert. Auch unser Team ist f\u00fcr uns eine Ressource, die es zu sch\u00e4tzen gilt. Wir legen gro\u00dfen Wert darauf, [&hellip;]","og_url":"https:\/\/masseriaderchia.it\/de\/nachhaltigkeit\/","og_site_name":"Masseria D&#039;Erchia","article_publisher":"https:\/\/www.facebook.com\/masseriaderchia\/","article_modified_time":"2025-04-29T18:06:19+00:00","og_image":[{"width":1500,"height":1000,"url":"https:\/\/masseriaderchia.it\/wp-content\/uploads\/2022\/11\/copertina-sostenibilita-orizzontale.jpg","type":"image\/jpeg"}],"twitter_card":"summary_large_image","twitter_misc":{"Gesch\u00e4tzte Lesezeit":"2\u00a0Minuten"},"schema":{"@context":"https:\/\/schema.org","@graph":[{"@type":"WebPage","@id":"https:\/\/masseriaderchia.it\/de\/nachhaltigkeit\/","url":"https:\/\/masseriaderchia.it\/de\/nachhaltigkeit\/","name":"Nachhaltigkeit. &#8212; Masseria D&#039;Erchia","isPartOf":{"@id":"https:\/\/masseriaderchia.it\/#website"},"primaryImageOfPage":{"@id":"https:\/\/masseriaderchia.it\/de\/nachhaltigkeit\/#primaryimage"},"image":{"@id":"https:\/\/masseriaderchia.it\/de\/nachhaltigkeit\/#primaryimage"},"thumbnailUrl":"https:\/\/masseriaderchia.it\/wp-content\/uploads\/2022\/11\/copertina-sostenibilita-orizzontale.jpg","datePublished":"2022-10-06T08:01:54+00:00","dateModified":"2025-04-29T18:06:19+00:00","breadcrumb":{"@id":"https:\/\/masseriaderchia.it\/de\/nachhaltigkeit\/#breadcrumb"},"inLanguage":"de","potentialAction":[{"@type":"ReadAction","target":["https:\/\/masseriaderchia.it\/de\/nachhaltigkeit\/"]}]},{"@type":"ImageObject","inLanguage":"de","@id":"https:\/\/masseriaderchia.it\/de\/nachhaltigkeit\/#primaryimage","url":"https:\/\/masseriaderchia.it\/wp-content\/uploads\/2022\/11\/copertina-sostenibilita-orizzontale.jpg","contentUrl":"https:\/\/masseriaderchia.it\/wp-content\/uploads\/2022\/11\/copertina-sostenibilita-orizzontale.jpg","width":1500,"height":1000},{"@type":"BreadcrumbList","@id":"https:\/\/masseriaderchia.it\/de\/nachhaltigkeit\/#breadcrumb","itemListElement":[{"@type":"ListItem","position":1,"name":"Home","item":"https:\/\/masseriaderchia.it\/de\/hauptseite\/"},{"@type":"ListItem","position":2,"name":"Nachhaltigkeit."}]},{"@type":"WebSite","@id":"https:\/\/masseriaderchia.it\/#website","url":"https:\/\/masseriaderchia.it\/","name":"Masseria D&#039;Erchia","description":"","publisher":{"@id":"https:\/\/masseriaderchia.it\/#organization"},"potentialAction":[{"@type":"SearchAction","target":{"@type":"EntryPoint","urlTemplate":"https:\/\/masseriaderchia.it\/?s={search_term_string}"},"query-input":{"@type":"PropertyValueSpecification","valueRequired":true,"valueName":"search_term_string"}}],"inLanguage":"de"},{"@type":"Organization","@id":"https:\/\/masseriaderchia.it\/#organization","name":"Masseria D'Erchia","url":"https:\/\/masseriaderchia.it\/","logo":{"@type":"ImageObject","inLanguage":"de","@id":"https:\/\/masseriaderchia.it\/#\/schema\/logo\/image\/","url":"https:\/\/masseriaderchia.it\/wp-content\/uploads\/2022\/10\/logo_nuovo.png","contentUrl":"https:\/\/masseriaderchia.it\/wp-content\/uploads\/2022\/10\/logo_nuovo.png","width":117,"height":124,"caption":"Masseria D'Erchia"},"image":{"@id":"https:\/\/masseriaderchia.it\/#\/schema\/logo\/image\/"},"sameAs":["https:\/\/www.facebook.com\/masseriaderchia\/","https:\/\/www.instagram.com\/masseriaderchia\/"]}]}},"_links":{"self":[{"href":"https:\/\/masseriaderchia.it\/de\/wp-json\/wp\/v2\/pages\/3039","targetHints":{"allow":["GET"]}}],"collection":[{"href":"https:\/\/masseriaderchia.it\/de\/wp-json\/wp\/v2\/pages"}],"about":[{"href":"https:\/\/masseriaderchia.it\/de\/wp-json\/wp\/v2\/types\/page"}],"author":[{"embeddable":true,"href":"https:\/\/masseriaderchia.it\/de\/wp-json\/wp\/v2\/users\/2"}],"replies":[{"embeddable":true,"href":"https:\/\/masseriaderchia.it\/de\/wp-json\/wp\/v2\/comments?post=3039"}],"version-history":[{"count":0,"href":"https:\/\/masseriaderchia.it\/de\/wp-json\/wp\/v2\/pages\/3039\/revisions"}],"wp:featuredmedia":[{"embeddable":true,"href":"https:\/\/masseriaderchia.it\/de\/wp-json\/wp\/v2\/media\/3040"}],"wp:attachment":[{"href":"https:\/\/masseriaderchia.it\/de\/wp-json\/wp\/v2\/media?parent=3039"}],"curies":[{"name":"wp","href":"https:\/\/api.w.org\/{rel}","templated":true}]}}